

{"id":2092,"date":"2025-04-03T16:57:05","date_gmt":"2025-04-03T14:57:05","guid":{"rendered":"https:\/\/jtc.uni-halle.de\/?page_id=2092"},"modified":"2026-03-05T10:06:44","modified_gmt":"2026-03-05T09:06:44","slug":"msh","status":"publish","type":"page","link":"https:\/\/jtc.uni-halle.de\/en\/revierscouts\/msh\/","title":{"rendered":"Revier Scout for Mansfeld-S\u00fcdharz"},"content":{"rendered":"<p>[et_pb_section fb_built=&#8221;1&#8243; admin_label=&#8221;Hero section&#8221; module_class=&#8221;relaunch&#8221; _builder_version=&#8221;4.27.3&#8243; _module_preset=&#8221;default&#8221; transform_scale_tablet=&#8221;&#8221; transform_scale_phone=&#8221;&#8221; transform_scale_last_edited=&#8221;on|tablet&#8221; transform_translate_tablet=&#8221;&#8221; transform_translate_phone=&#8221;&#8221; transform_translate_last_edited=&#8221;on|tablet&#8221; transform_translate_linked_tablet=&#8221;off&#8221; transform_rotate_tablet=&#8221;&#8221; transform_rotate_phone=&#8221;&#8221; transform_rotate_last_edited=&#8221;on|tablet&#8221; transform_skew_tablet=&#8221;&#8221; transform_skew_phone=&#8221;&#8221; transform_skew_last_edited=&#8221;on|tablet&#8221; transform_origin_tablet=&#8221;&#8221; transform_origin_phone=&#8221;&#8221; transform_origin_last_edited=&#8221;on|tablet&#8221; transform_styles_last_edited=&#8221;on|tablet&#8221; custom_margin=&#8221;4rem||||false|false&#8221; custom_margin_tablet=&#8221;1rem||||false|false&#8221; custom_margin_phone=&#8221;||||false|false&#8221; custom_margin_last_edited=&#8221;on|desktop&#8221; transform_styles_tablet=&#8221;&#8221; transform_styles_phone=&#8221;&#8221; global_colors_info=&#8221;{}&#8221;][et_pb_row column_structure=&#8221;1_2,1_2&#8243; use_custom_gutter=&#8221;on&#8221; gutter_width=&#8221;2&#8243; make_equal=&#8221;on&#8221; custom_padding_last_edited=&#8221;on|desktop&#8221; module_id=&#8221;teams&#8221; _builder_version=&#8221;4.27.3&#8243; _module_preset=&#8221;default&#8221; width=&#8221;96%&#8221; width_tablet=&#8221;90%&#8221; width_phone=&#8221;90%&#8221; width_last_edited=&#8221;on|desktop&#8221; max_width=&#8221;1440px&#8221; module_alignment=&#8221;center&#8221; custom_margin=&#8221;||||false|false&#8221; custom_padding=&#8221;||||false|false&#8221; custom_padding_tablet=&#8221;||||false|false&#8221; custom_padding_phone=&#8221;||||false|false&#8221; global_colors_info=&#8221;{}&#8221;][et_pb_column type=&#8221;1_2&#8243; module_id=&#8221;t&#8221; admin_label=&#8221;Spalte H1 Intro&#8221; _builder_version=&#8221;4.27.3&#8243; _module_preset=&#8221;default&#8221; background_color=&#8221;#78c5be&#8221; custom_padding=&#8221;4rem|3rem|2rem|3rem|false|false&#8221; custom_padding_tablet=&#8221;3rem|2rem|2rem|2rem|false|false&#8221; custom_padding_phone=&#8221;3rem|2rem|2rem|2rem|false|false&#8221; custom_padding_last_edited=&#8221;on|tablet&#8221; border_radii=&#8221;on|18px|18px|18px|18px&#8221; global_colors_info=&#8221;{}&#8221; custom_css_main_element_last_edited=&#8221;on|tablet&#8221;][et_pb_text admin_label=&#8221;H1 + Introtext&#8221; module_class=&#8221;revierscouts&#8221; _builder_version=&#8221;4.27.3&#8243; _module_preset=&#8221;default&#8221; text_font=&#8221;||||||||&#8221; hover_enabled=&#8221;0&#8243; global_colors_info=&#8221;{}&#8221; sticky_enabled=&#8221;0&#8243;]<\/p>\n<h1>Mansfeld-S\u00fcdharz<\/h1>\n<p>Located on the southwestern edge of Saxony-Anhalt \u2013 right on the border with Thuringia \u2013 the district of Mansfeld-S\u00fcdharz combines diverse landscapes with a deeply rooted industrial history. From the Harz Mountains to fertile meadows and the S\u00fc\u00dfer See, the region offers not only scenic variety but also cultural centers such as Sangerhausen, Eisleben, and Hettstedt. For over 800 years, copper mining shaped the region\u2019s economic and social fabric until its closure in 1990 \u2013 a profound turning point for the area. Today, the Amsdorf lignite open-cast mine and the production of montan wax set worldwide standards. At the same time, 27 nature reserves make Mansfeld-S\u00fcdharz a place full of contrasts \u2013 between nature, tradition, and structural transformation.<\/p>\n<p>[\/et_pb_text][et_pb_accordion disabled_on=&#8221;on|on|on&#8221; admin_label=&#8221;Akkordeon&#8221; _builder_version=&#8221;4.27.3&#8243; _module_preset=&#8221;default&#8221; body_text_color=&#8221;#000000&#8243; background_enable_color=&#8221;off&#8221; custom_margin=&#8221;||0px||false|false&#8221; custom_padding=&#8221;||0px||false|false&#8221; border_width_all=&#8221;0px&#8221; border_width_bottom=&#8221;2px&#8221; border_color_bottom=&#8221;#000000&#8243; disabled=&#8221;on&#8221; global_colors_info=&#8221;{}&#8221;][et_pb_accordion_item title=&#8221;Revierscouts&#8221; open=&#8221;on&#8221; icon_color=&#8221;#000000&#8243; toggle_icon=&#8221;&#xf063;||fa||900&#8243; _builder_version=&#8221;4.27.3&#8243; _module_preset=&#8221;default&#8221; background_color=&#8221;RGBA(255,255,255,0)&#8221; background_enable_color=&#8221;on&#8221; custom_padding=&#8221;10px|0px|10px|0px|false|false&#8221; border_width_top=&#8221;2px&#8221; border_color_top=&#8221;#2e2e2e&#8221; global_colors_info=&#8221;{}&#8221; toggle_text_color=&#8221;#000000&#8243; toggle_font=&#8221;|700|||||||&#8221;]<\/p>\n<p>Revier Burgenlandkreis<br \/><b>Katja Wendland<\/b><\/p>\n<p>Revier Mansfeld-S\u00fcdharz<br \/><b>Thomas Ernst<\/b><\/p>\n<p>Revier Anhalt-Bitterfeld<br \/><b>Christian Hennicke<\/b><\/p>\n<p>Revier Halle-Saalekreis<br \/><b>Dr. Cornelia Deimer<\/b><\/p>\n<p>[\/et_pb_accordion_item][\/et_pb_accordion][\/et_pb_column][et_pb_column type=&#8221;1_2&#8243; admin_label=&#8221;Spalte Inhalt&#8221; _builder_version=&#8221;4.27.3&#8243; _module_preset=&#8221;default&#8221; global_colors_info=&#8221;{}&#8221;][et_pb_image src=&#8221;https:\/\/jtc.uni-halle.de\/wp-content\/uploads\/2025\/09\/jtc-karte-revierscouts-msh.svg&#8221; alt=&#8221;Karte des Landkreises Mansfeld-S\u00fcdharz&#8221; title_text=&#8221;Landkreis Mansfeld-S\u00fcdharz&#8221; disabled_on=&#8221;off|off|off&#8221; admin_label=&#8221;map&#8221; _builder_version=&#8221;4.27.3&#8243; _module_preset=&#8221;default&#8221; border_radii=&#8221;on|18px|18px|18px|18px&#8221; global_colors_info=&#8221;{}&#8221;][\/et_pb_image][et_pb_code disabled_on=&#8221;on|on|on&#8221; admin_label=&#8221;Newsteaser&#8221; _builder_version=&#8221;4.27.3&#8243; _module_preset=&#8221;default&#8221; disabled=&#8221;on&#8221; global_colors_info=&#8221;{}&#8221;]<p><\/p>[\/et_pb_code][et_pb_code disabled_on=&#8221;on|on|on&#8221; admin_label=&#8221;Eventteaser&#8221; _builder_version=&#8221;4.27.3&#8243; _module_preset=&#8221;default&#8221; disabled=&#8221;on&#8221; global_colors_info=&#8221;{}&#8221;]<!=========Events list Template 2.4.6=========><div id=\"ect-events-list-content\"><div id=\"list-wrp\" class=\"ect-list-wrapper jtc a a1\"><div id=\"event-21602\" class=\"ect-list-post style-1 ect-simple-event future\"><div class=\"ect-list-post-left \">\n\t\t\t\t<div class=\"ect-list-img\" style=\"background-image:url(&#039;https:\/\/jtc.uni-halle.de\/wp-content\/uploads\/2026\/03\/260323_GradSchoolTransfer_SS_2026-1024x410.jpg&#039;);background-size:cover;\"><a href=\"https:\/\/jtc.uni-halle.de\/en\/event\/collaboration-for-impact-working-across-projects-teams-and-networks-part-2-2\/\" alt=\"Collaboration for Impact: Working Across Projects, Teams, and Networks (part 2\/3)\" rel=\"bookmark\"><div class=\"ect-list-date\"><div class=\"ect-date-area default-schedule\"><span class=\"ev-day\">05<\/span>\n\t\t\t\t\t<span class=\"ev-mo\">June<\/span>\n\t\t\t\t\t<span class=\"ev-yr\">2026<\/span><\/div><\/div><\/a><\/div><\/div><!-- left-post close --><div class=\"ect-list-post-right\">\n\t\t\t\t<div class=\"ect-list-post-right-table\"><div class=\"ect-list-description\" style=\"width:100%;\"><h2 class=\"ect-list-title\"><a class=\"ect-event-url\" href=\"https:\/\/jtc.uni-halle.de\/en\/event\/collaboration-for-impact-working-across-projects-teams-and-networks-part-2-2\/\" rel=\"bookmark\">Collaboration for Impact: Working Across Projects, Teams, and Networks (part 2\/3)<\/a><\/h2><!-- Event Content --><div class=\"ect-event-content\"><p>Collaboration is at the heart of turning ideas into impact \u2013 especially in regions undergoing transformation. This seminar focuses on how to move from ideas to joint action. You will [&hellip;]<\/p>\n<\/div><a href=\"https:\/\/jtc.uni-halle.de\/en\/event\/collaboration-for-impact-working-across-projects-teams-and-networks-part-2-2\/\" class=\"ect-events-read-more\" rel=\"bookmark\">mehr<\/a><\/div><\/div><\/div><!-- right-wrapper close --><\/div><!-- event-loop-end --><\/div><\/div>[\/et_pb_code][\/et_pb_column][\/et_pb_row][\/et_pb_section][et_pb_section fb_built=&#8221;1&#8243; admin_label=&#8221;Info section&#8221; module_class=&#8221;relaunch&#8221; _builder_version=&#8221;4.27.3&#8243; _module_preset=&#8221;default&#8221; transform_scale_tablet=&#8221;&#8221; transform_scale_phone=&#8221;&#8221; transform_scale_last_edited=&#8221;on|tablet&#8221; transform_translate_tablet=&#8221;&#8221; transform_translate_phone=&#8221;&#8221; transform_translate_last_edited=&#8221;on|tablet&#8221; transform_translate_linked_tablet=&#8221;off&#8221; transform_rotate_tablet=&#8221;&#8221; transform_rotate_phone=&#8221;&#8221; transform_rotate_last_edited=&#8221;on|tablet&#8221; transform_skew_tablet=&#8221;&#8221; transform_skew_phone=&#8221;&#8221; transform_skew_last_edited=&#8221;on|tablet&#8221; transform_origin_tablet=&#8221;&#8221; transform_origin_phone=&#8221;&#8221; transform_origin_last_edited=&#8221;on|tablet&#8221; transform_styles_last_edited=&#8221;on|tablet&#8221; custom_margin=&#8221;4rem||39.5px||false|false&#8221; custom_margin_tablet=&#8221;0rem||0px||false|false&#8221; custom_margin_phone=&#8221;||||false|false&#8221; custom_margin_last_edited=&#8221;on|desktop&#8221; custom_padding=&#8221;||88px||false|false&#8221; transform_styles_tablet=&#8221;&#8221; transform_styles_phone=&#8221;&#8221; border_width_bottom=&#8221;2px&#8221; border_color_bottom=&#8221;#000000&#8243; global_colors_info=&#8221;{}&#8221;][et_pb_row column_structure=&#8221;1_2,1_2&#8243; use_custom_gutter=&#8221;on&#8221; gutter_width=&#8221;2&#8243; make_equal=&#8221;on&#8221; custom_padding_last_edited=&#8221;on|desktop&#8221; _builder_version=&#8221;4.27.3&#8243; _module_preset=&#8221;default&#8221; width=&#8221;96%&#8221; width_tablet=&#8221;90%&#8221; width_phone=&#8221;90%&#8221; width_last_edited=&#8221;on|desktop&#8221; max_width=&#8221;1440px&#8221; module_alignment=&#8221;center&#8221; custom_margin=&#8221;||||false|false&#8221; custom_padding=&#8221;||||false|false&#8221; custom_padding_tablet=&#8221;||||false|false&#8221; custom_padding_phone=&#8221;||||false|false&#8221; global_colors_info=&#8221;{}&#8221;][et_pb_column type=&#8221;1_2&#8243; _builder_version=&#8221;4.27.3&#8243; _module_preset=&#8221;default&#8221; background_enable_color=&#8221;off&#8221; custom_padding=&#8221;|3rem||3rem|false|false&#8221; custom_padding_tablet=&#8221;3rem|2rem|2rem|2rem|false|false&#8221; custom_padding_phone=&#8221;3rem|2rem|2rem|2rem|false|false&#8221; custom_padding_last_edited=&#8221;on|tablet&#8221; border_radii=&#8221;on|18px|18px|18px|18px&#8221; global_colors_info=&#8221;{}&#8221; custom_css_main_element_last_edited=&#8221;on|tablet&#8221;][et_pb_text admin_label=&#8221;Infotext&#8221; _builder_version=&#8221;4.27.3&#8243; _module_preset=&#8221;default&#8221; text_font=&#8221;||||||||&#8221; hover_enabled=&#8221;0&#8243; global_colors_info=&#8221;{}&#8221; sticky_enabled=&#8221;0&#8243;]<\/p>\n<p><strong>Several structural and societal areas of tension currently shape the situation in the Mansfeld-S\u00fcdharz district:<\/strong><\/p>\n<p><strong>Conflicts of interest in the context of structural change:<\/strong> The &#8220;Masterplan Mansfeld-S\u00fcdharz,&#8221; developed by the district administration together with other key institutions, outlines important future questions and potential solutions. Fundamental structural changes in infrastructure, basic materials industries, or the implementation of the energy transition in the region create conflicts that must be resolved jointly with citizens.<\/p>\n<p><strong>Land-use conflicts:<\/strong> Competition between gypsum extraction and the preservation of the karst landscape creates tensions. A similar situation exists between waste incineration and protection against emissions.<\/p>\n<p><strong>Acceptance issues with energy projects:<\/strong> The development of energy supply for regional industrial companies using green hydrogen faces resistance from citizen initiatives.<\/p>\n<p><strong>Demographic challenges:<\/strong> With an average age of 50.3 years, Mansfeld-S\u00fcdharz is the oldest district in Germany. This affects the labor market and economic development.<\/p>\n<p><strong>Economic transformation:<\/strong> Small and medium-sized enterprises face the challenge of maintaining their competitiveness in a changing economic structure.<\/p>\n<p><strong>Resource utilization:<\/strong> Responsible management of mineral resources, such as mines, spoil heaps, and Theisen sludges, is an important task.<\/p>\n<p><strong>Land-use potential:<\/strong> The region offers ample space for new settlements, which presents opportunities but also creates new conflicts over land use.<\/p>\n<p><strong>To make the district sustainable for the future, the following measures are necessary:<\/strong><\/p>\n<p><strong>Support<\/strong> for small and medium-sized enterprises through consulting and funding programs.<\/p>\n<p><strong>Balancing<\/strong> climate protection and environmental protection in resource utilization.<\/p>\n<p><strong>Strengthening<\/strong> public acceptance of structural change solutions through transparent citizen participation.<\/p>\n<p><strong>Securing<\/strong> skilled labor and providing training to address demographic challenges.<\/p>\n<p><strong>Sustainable<\/strong> management of mineral resources and industrial legacies.<\/p>\n<p><strong>Development<\/strong> of land-use concepts for new settlements.<\/p>\n<p><strong>Harmonization<\/strong> of political, economic, ecological, and social issues.<\/p>\n<p><strong>Promotion<\/strong> of innovative, future-oriented technologies.<\/p>\n<p>[\/et_pb_text][et_pb_toggle title=&#8221;further information&#8221; open_toggle_text_color=&#8221;#2e2e2e&#8221; open_toggle_background_color=&#8221;RGBA(255,255,255,0)&#8221; closed_toggle_background_color=&#8221;RGBA(255,255,255,0)&#8221; icon_color=&#8221;RGBA(255,255,255,0)&#8221; open_icon_color=&#8221;RGBA(255,255,255,0)&#8221; module_class=&#8221;weiterlesen&#8221; _builder_version=&#8221;4.27.3&#8243; _module_preset=&#8221;default&#8221; title_text_color=&#8221;#2e2e2e&#8221; custom_padding=&#8221;|0px||0px|false|false&#8221; border_width_all=&#8221;0px&#8221; global_colors_info=&#8221;{}&#8221; disabled_on=&#8221;on|on|on&#8221; disabled=&#8221;on&#8221;]<\/p>\n<p>Lorem ipsum dolor sit amet, consectetuer adipiscing elit. Aenean commodo ligula eget dolor. Aenean massa. Cum sociis natoque penatibus et magnis dis parturient montes, nascetur ridiculus mus.<\/p>\n<p>Donec quam felis, ultricies nec, pellentesque eu, pretium quis, sem. Nulla consequat massa quis enim. Donec pede justo, fringilla vel, aliquet nec, vulputate eget, arcu. In enim justo, rhoncus ut, imperdiet a, venenatis vitae, justo.<\/p>\n<p>Nullam dictum felis eu pede mollis pretium. Integer tincidunt. Cras dapibus. Vivamus elementum semper nisi. Aenean vulputate eleifend tellus. Aenean leo ligula, porttitor eu, consequat vitae, eleifend ac, enim. Aliquam lorem ante, dapibus in, viverra quis, feugiat a, tellus. Phasellus viverra nulla ut metus varius laoreet. Quisque rutrum. Aenean imperdiet. Etiam ultricies nisi vel augue. Curabitur ullamcorper ultricies nisi. Nam ege<\/p>\n<p>[\/et_pb_toggle][\/et_pb_column][et_pb_column type=&#8221;1_2&#8243; _builder_version=&#8221;4.27.3&#8243; _module_preset=&#8221;default&#8221; global_colors_info=&#8221;{}&#8221;][et_pb_blurb _builder_version=&#8221;4.27.3&#8243; _module_preset=&#8221;default&#8221; hover_enabled=&#8221;0&#8243; sticky_enabled=&#8221;0&#8243;]<\/p>\n<div class=\"et_pb_module et_pb_blurb et_pb_blurb_0  et_pb_text_align_left  et_pb_blurb_position_top et_pb_bg_layout_light\">\n<div class=\"et_pb_blurb_content\">\n<div class=\"et_pb_blurb_container\">\n<div class=\"et_pb_blurb_description\">\n<h3>JTC Projects in the Mansfeld-S\u00fcdharz Region<\/h3>\n<ul>\n<li>Establishment of a teaching and research mine in Wettelrode near Sangerhausen, in cooperation with the city of Sangerhausen<\/li>\n<li><a href=\"https:\/\/jtc.uni-halle.de\/c\/c3\/\">Cooperation project for education in rural areas between Martin Luther University Halle-Wittenberg (MLU), the Center for Social Research Halle e.V., the Wissensspeicher MSH, and the Adult Education Center of Mansfeld-S\u00fcdharz (Kreisvolkshochschule Mansfeld-S\u00fcdharz e.V.) in the municipalities of the Mansfeld-S\u00fcdharz district<\/a><\/li>\n<li>Support for ROMONTA GmbH in Amsdorf in addressing the challenges of structural change for a lignite-mining and processing company.<\/li>\n<\/ul>\n<\/div>\n<\/div>\n<\/div>\n<\/div>\n<p>[\/et_pb_blurb][et_pb_text admin_label=&#8221;Schlagw\u00f6rter Themen&#8221; _builder_version=&#8221;4.27.3&#8243; _dynamic_attributes=&#8221;content&#8221; _module_preset=&#8221;default&#8221; global_colors_info=&#8221;{}&#8221;]@ET-DC@eyJkeW5hbWljIjp0cnVlLCJjb250ZW50IjoiY3VzdG9tX21ldGFfc2NobGFnd29lcnRlcl9zaG9ydGNvZGUiLCJzZXR0aW5ncyI6eyJiZWZvcmUiOiIiLCJhZnRlciI6IiIsImVuYWJsZV9odG1sIjoib2ZmIn19@[\/et_pb_text][\/et_pb_column][\/et_pb_row][\/et_pb_section][et_pb_section fb_built=&#8221;1&#8243; disabled_on=&#8221;off|off|off&#8221; admin_label=&#8221; Personen Titel BG section&#8221; module_class=&#8221;relaunch tab-section&#8221; _builder_version=&#8221;4.27.3&#8243; _module_preset=&#8221;default&#8221; background_color=&#8221;#F08161&#8243; transform_scale_tablet=&#8221;&#8221; transform_scale_phone=&#8221;&#8221; transform_scale_last_edited=&#8221;on|desktop&#8221; transform_translate_tablet=&#8221;&#8221; transform_translate_phone=&#8221;&#8221; transform_translate_last_edited=&#8221;on|tablet&#8221; transform_translate_linked_tablet=&#8221;off&#8221; transform_rotate_tablet=&#8221;&#8221; transform_rotate_phone=&#8221;&#8221; transform_rotate_last_edited=&#8221;on|tablet&#8221; transform_skew_tablet=&#8221;&#8221; transform_skew_phone=&#8221;&#8221; transform_skew_last_edited=&#8221;on|tablet&#8221; transform_origin_tablet=&#8221;&#8221; transform_origin_phone=&#8221;&#8221; transform_origin_last_edited=&#8221;on|tablet&#8221; transform_styles_last_edited=&#8221;on|desktop&#8221; custom_margin=&#8221;||0px||false|false&#8221; custom_margin_tablet=&#8221;0px||||false|false&#8221; custom_margin_phone=&#8221;||||false|false&#8221; custom_margin_last_edited=&#8221;on|phone&#8221; custom_padding=&#8221;||0px||false|false&#8221; transform_styles_tablet=&#8221;&#8221; transform_styles_phone=&#8221;&#8221; global_colors_info=&#8221;{}&#8221;][et_pb_row use_custom_gutter=&#8221;on&#8221; gutter_width=&#8221;2&#8243; make_equal=&#8221;on&#8221; custom_padding_last_edited=&#8221;on|desktop&#8221; disabled_on=&#8221;off|off|off&#8221; _builder_version=&#8221;4.27.3&#8243; _module_preset=&#8221;default&#8221; width=&#8221;96%&#8221; width_tablet=&#8221;90%&#8221; width_phone=&#8221;90%&#8221; width_last_edited=&#8221;on|desktop&#8221; max_width=&#8221;1440px&#8221; module_alignment=&#8221;center&#8221; height=&#8221;350px&#8221; height_tablet=&#8221;350px&#8221; height_phone=&#8221;350px&#8221; height_last_edited=&#8221;on|desktop&#8221; custom_margin=&#8221;||||false|false&#8221; custom_padding=&#8221;||||false|false&#8221; custom_padding_tablet=&#8221;||||false|false&#8221; custom_padding_phone=&#8221;||||false|false&#8221; global_colors_info=&#8221;{}&#8221;][et_pb_column type=&#8221;4_4&#8243; _builder_version=&#8221;4.27.3&#8243; _module_preset=&#8221;default&#8221; background_enable_color=&#8221;off&#8221; custom_padding=&#8221;56px|0rem||0rem|false|false&#8221; custom_padding_tablet=&#8221;3rem|2rem|2rem|2rem|false|false&#8221; custom_padding_phone=&#8221;3rem|2rem|2rem|2rem|false|false&#8221; custom_padding_last_edited=&#8221;on|tablet&#8221; global_colors_info=&#8221;{}&#8221; custom_css_main_element_last_edited=&#8221;on|tablet&#8221;][et_pb_text admin_label=&#8221;H2 Personen&#8221; _builder_version=&#8221;4.27.3&#8243; _module_preset=&#8221;default&#8221; background_color=&#8221;#ffffff&#8221; height=&#8221;40px&#8221; custom_padding=&#8221;|15px||15px|false|false&#8221; custom_css_main_element=&#8221;width: fit-content;||h2 {||  top: 3px;||  position: relative;||  ||} ||&#8221; border_radii=&#8221;on|16px|16px|16px|16px&#8221; border_width_all=&#8221;2px&#8221; global_colors_info=&#8221;{}&#8221;]<\/p>\n<h2>Revierscout<\/h2>\n<p>[\/et_pb_text][\/et_pb_column][\/et_pb_row][\/et_pb_section][et_pb_section fb_built=&#8221;1&#8243; disabled_on=&#8221;off|off|off&#8221; admin_label=&#8221; Personen section&#8221; module_class=&#8221;relaunch tab-section&#8221; _builder_version=&#8221;4.27.3&#8243; _module_preset=&#8221;default&#8221; background_enable_color=&#8221;off&#8221; transform_scale_tablet=&#8221;&#8221; transform_scale_phone=&#8221;&#8221; transform_scale_last_edited=&#8221;on|tablet&#8221; transform_translate=&#8221;0px|-235px&#8221; transform_translate_tablet=&#8221;0px|-335px&#8221; transform_translate_phone=&#8221;&#8221; transform_translate_last_edited=&#8221;on|tablet&#8221; transform_translate_linked=&#8221;off&#8221; transform_translate_linked_tablet=&#8221;off&#8221; transform_rotate_tablet=&#8221;&#8221; transform_rotate_phone=&#8221;&#8221; transform_rotate_last_edited=&#8221;on|tablet&#8221; transform_skew_tablet=&#8221;&#8221; transform_skew_phone=&#8221;&#8221; transform_skew_last_edited=&#8221;on|tablet&#8221; transform_origin_tablet=&#8221;&#8221; transform_origin_phone=&#8221;&#8221; transform_origin_last_edited=&#8221;on|tablet&#8221; transform_styles_last_edited=&#8221;on|tablet&#8221; custom_margin=&#8221;||-235px||false|false&#8221; custom_margin_tablet=&#8221;1px||-335px||false|false&#8221; custom_margin_phone=&#8221;||||false|false&#8221; custom_margin_last_edited=&#8221;on|phone&#8221; custom_padding=&#8221;||0px||false|false&#8221; transform_styles_tablet=&#8221;&#8221; transform_styles_phone=&#8221;&#8221; custom_css_main_element=&#8221;overflow: hidden;&#8221; global_colors_info=&#8221;{}&#8221;][et_pb_row use_custom_gutter=&#8221;on&#8221; gutter_width=&#8221;2&#8243; make_equal=&#8221;on&#8221; custom_padding_last_edited=&#8221;on|desktop&#8221; _builder_version=&#8221;4.27.3&#8243; _module_preset=&#8221;default&#8221; width=&#8221;96%&#8221; width_tablet=&#8221;90%&#8221; width_phone=&#8221;90%&#8221; width_last_edited=&#8221;on|desktop&#8221; max_width=&#8221;1440px&#8221; module_alignment=&#8221;center&#8221; custom_margin=&#8221;||||false|false&#8221; custom_padding=&#8221;||||false|false&#8221; custom_padding_tablet=&#8221;||||false|false&#8221; custom_padding_phone=&#8221;||||false|false&#8221; global_colors_info=&#8221;{}&#8221;][et_pb_column type=&#8221;4_4&#8243; _builder_version=&#8221;4.27.3&#8243; _module_preset=&#8221;default&#8221; background_enable_color=&#8221;off&#8221; custom_padding=&#8221;|0rem||0rem|false|false&#8221; custom_padding_tablet=&#8221;3rem|2rem|2rem|2rem|false|false&#8221; custom_padding_phone=&#8221;3rem|2rem|2rem|2rem|false|false&#8221; custom_padding_last_edited=&#8221;on|tablet&#8221; global_colors_info=&#8221;{}&#8221; custom_css_main_element_last_edited=&#8221;on|tablet&#8221;][et_pb_code _builder_version=&#8221;4.27.3&#8243; _module_preset=&#8221;default&#8221; global_colors_info=&#8221;{}&#8221;]<p><\/p>[\/et_pb_code][\/et_pb_column][\/et_pb_row][\/et_pb_section]<\/p>\n","protected":false},"excerpt":{"rendered":"<p>Collaboration is at the heart of turning ideas into impact \u2013 especially in regions undergoing transformation. This seminar focuses on how to move from ideas to joint action. You will [&hellip;]<\/p>\n","protected":false},"author":3,"featured_media":0,"parent":2072,"menu_order":54,"comment_status":"closed","ping_status":"closed","template":"","meta":{"_et_pb_use_builder":"on","_et_pb_old_content":"","_et_gb_content_width":"","inline_featured_image":false,"_price":"","_stock":"","_tribe_ticket_header":"","_tribe_default_ticket_provider":"","_ticket_start_date":"","_ticket_end_date":"","_tribe_ticket_show_description":"","_tribe_ticket_show_not_going":false,"_tribe_ticket_use_global_stock":"","_tribe_ticket_global_stock_level":"","_global_stock_mode":"","_global_stock_cap":"","_tribe_rsvp_for_event":"","_tribe_ticket_going_count":"","_tribe_ticket_not_going_count":"","_tribe_tickets_list":"[]","_tribe_ticket_has_attendee_info_fields":false,"footnotes":"","_tec_slr_enabled":"","_tec_slr_layout":""},"categories":[394,68,392],"tags":[],"class_list":["post-2092","page","type-page","status-publish","hentry","category-msh","category-relaunch-en","category-revierscouts","cat_graduate-program","cat_transfer-oriented-suse-26-en","cat_d-en"],"ticketed":false,"_links":{"self":[{"href":"https:\/\/jtc.uni-halle.de\/en\/wp-json\/wp\/v2\/pages\/2092","targetHints":{"allow":["GET"]}}],"collection":[{"href":"https:\/\/jtc.uni-halle.de\/en\/wp-json\/wp\/v2\/pages"}],"about":[{"href":"https:\/\/jtc.uni-halle.de\/en\/wp-json\/wp\/v2\/types\/page"}],"author":[{"embeddable":true,"href":"https:\/\/jtc.uni-halle.de\/en\/wp-json\/wp\/v2\/users\/3"}],"replies":[{"embeddable":true,"href":"https:\/\/jtc.uni-halle.de\/en\/wp-json\/wp\/v2\/comments?post=2092"}],"version-history":[{"count":8,"href":"https:\/\/jtc.uni-halle.de\/en\/wp-json\/wp\/v2\/pages\/2092\/revisions"}],"predecessor-version":[{"id":13492,"href":"https:\/\/jtc.uni-halle.de\/en\/wp-json\/wp\/v2\/pages\/2092\/revisions\/13492"}],"up":[{"embeddable":true,"href":"https:\/\/jtc.uni-halle.de\/en\/wp-json\/wp\/v2\/pages\/2072"}],"wp:attachment":[{"href":"https:\/\/jtc.uni-halle.de\/en\/wp-json\/wp\/v2\/media?parent=2092"}],"wp:term":[{"taxonomy":"category","embeddable":true,"href":"https:\/\/jtc.uni-halle.de\/en\/wp-json\/wp\/v2\/categories?post=2092"},{"taxonomy":"post_tag","embeddable":true,"href":"https:\/\/jtc.uni-halle.de\/en\/wp-json\/wp\/v2\/tags?post=2092"}],"curies":[{"name":"wp","href":"https:\/\/api.w.org\/{rel}","templated":true}]}}